{"id":1520,"date":"2025-08-21T21:15:50","date_gmt":"2025-08-21T21:15:50","guid":{"rendered":"https:\/\/genesis-reit.com\/?page_id=1520"},"modified":"2025-08-21T21:20:09","modified_gmt":"2025-08-21T21:20:09","slug":"privacy-policy","status":"publish","type":"page","link":"https:\/\/genesis-reit.com\/es\/privacy-policy\/","title":{"rendered":"Aviso Legal y Pol\u00edtica de Privacidad"},"content":{"rendered":"\n<p><strong>Genesis REIT Socimi SA<\/strong><\/p>\n\n\n\n<p><strong>1.-Introducci\u00f3n<\/strong><\/p>\n\n\n\n<p>Mediante este Aviso Legal y Pol\u00edtica de Privacidad, Genesis Reit Socimi SA , domiciliada en Madrid, en la Calle La Coru\u00f1a 21, Oficina, 28020 Madrid, informa a los usuarios de la p\u00e1gina web de su propiedad (en adelante la \u201cWeb\u201d) acerca de las condiciones de uso de la Web, as\u00ed como de su pol\u00edtica de privacidad y protecci\u00f3n de datos de car\u00e1cter personal, para que los usuarios determinen, libre y voluntariamente, si desean facilitar los datos personales que les puedan ser solicitados, con ocasi\u00f3n de los servicios prestados a trav\u00e9s de este medio.<\/p>\n\n\n\n<p><strong>2.- Titular del sitio web<\/strong><\/p>\n\n\n\n<p>En virtud de lo establecido en el art\u00edculo 10 de la Ley 34\/2002, de 11 de julio, de Servicios de la Sociedad de la Informaci\u00f3n y de Comercio Electr\u00f3nico se informa a los usuarios del presente sitio web de la siguiente informaci\u00f3n:<\/p>\n\n\n\n<p>Titular del sitio web <a href=\"http:\/\/www.genesis-reit.com:\">www.genesis-reit.com<\/a><\/p>\n\n\n\n<p>Direcci\u00f3n de correo electr\u00f3nico: <a href=\"mailto:info@genesis-fund-co.il\">info@genesis-fund-co.il<\/a><\/p>\n\n\n\n<p><strong>3.- Condiciones de Uso<\/strong><\/p>\n\n\n\n<p>Toda persona que acceda a la Web asume el papel de usuario, comprometi\u00e9ndose a la observancia y cumplimiento riguroso de las disposiciones aqu\u00ed dispuestas, as\u00ed como a cualquier otra disposici\u00f3n legal que fuera de aplicaci\u00f3n.<\/p>\n\n\n\n<p>El usuario se compromete a no usar el presente sitio web con fines fraudulentos, as\u00ed como a no llevar a cabo conducta alguna que pudiera da\u00f1ar la imagen, los intereses y los derechos de Genesis Reit Socimi SA. En caso de incumplimiento por parte del usuario de las condiciones de uso del presente sitio web, o de sospecha razonable por parte de la empresa de que el usuario las est\u00e1 incumpliendo, Genesis Reit Socimi SA se reserva el derecho a limitar, suspender o terminar su acceso al sitio web, adoptando cualquier medida t\u00e9cnica que sea necesaria con ese fin.<\/p>\n\n\n\n<p><strong>4.- Responsabilidad<\/strong><\/p>\n\n\n\n<p>Genesis Reit Socimi SA se exime de cualquier tipo de responsabilidad derivada de la informaci\u00f3n publicada en su sitio web, siempre que esta informaci\u00f3n haya sido manipulada o introducida por un tercero ajeno al mismo.<\/p>\n\n\n\n<p>Genesis Reit Socimi SA no se responsabiliza en modo alguno y en ning\u00fan caso de aquellos contenidos, actividades comerciales, productos y servicios que pudiesen visualizarse mediante enlaces electr\u00f3nicos (links), directa o indirectamente, a trav\u00e9s del sitio web. La presencia de links en el sitio web, salvo manifestaci\u00f3n expresa en contrario, tiene una finalidad meramente informativa y en ning\u00fan caso supone sugerencia, invitaci\u00f3n o recomendaci\u00f3n sobre los mismos. Estos enlaces no representan ning\u00fan tipo de relaci\u00f3n entre Genesis Reit Socimi SA y los particulares o empresas que puedan acceder a sitios webs ajenos a Genesis Reit Socimi SA mediante estos enlaces. Genesis Reit Socimi SA se reserva el derecho a retirar de modo unilateral y en cualquier momento los links que aparecen en el sitio web.<\/p>\n\n\n\n<p>Genesis Reit Socimi SA presta sus servicios y contenidos de forma continuada empleando todos los medios t\u00e9cnicos a su alcance para realizar dicha prestaci\u00f3n de forma satisfactoria. Genesis Reit Socimi SA no se hace responsable de los da\u00f1os y perjuicios de toda naturaleza que pudieran derivarse de la falta de disponibilidad y\/o continuidad t\u00e9cnica del funcionamiento de este sitio web. En cualquier caso, Genesis Reit Socimi SA llevar\u00e1 a cabo todas las actuaciones necesarias para restablecer sus servicios en caso de fallo t\u00e9cnico.<\/p>\n\n\n\n<p><strong>5.&nbsp; &#8211; Protecci\u00f3n de Datos<\/strong><\/p>\n\n\n\n<ul class=\"wp-block-list\">\n<li><strong>Responsable del Tratamiento<\/strong><\/li>\n<\/ul>\n\n\n\n<p>Los datos personales recogidos ser\u00e1n objeto de tratamiento por la entidad Genesis Reit Socimi SA en funci\u00f3n de los servicios contratados a trav\u00e9s de la presente la web que act\u00faa como Responsables del Tratamiento.<\/p>\n\n\n\n<p>El usuario podr\u00e1 proporcionarnos, de forma voluntaria, informaci\u00f3n de car\u00e1cter personal, bien, a trav\u00e9s de determinados formularios de recogida de datos incluidos en las diferentes secciones de la web, bien mediante las direcciones de correo electr\u00f3nico habilitadas a tal efecto. El suministro de cualquier dato de car\u00e1cter personal a trav\u00e9s de los distintos formularios y direcciones de correo electr\u00f3nico de la presente p\u00e1gina web implica aceptar y consentir el tratamiento de los mismos en los t\u00e9rminos indicados en la presente pol\u00edtica de privacidad.<\/p>\n\n\n\n<p><strong>5.2.&nbsp; Finalidades del tratamiento de los datos personales<\/strong><\/p>\n\n\n\n<p>En general, la recogida y tratamiento de sus datos personales tiene como finalidades las que a continuaci\u00f3n se relacionan:<\/p>\n\n\n\n<ol class=\"wp-block-list\">\n<li>Poder contactar con el usuario;<\/li>\n\n\n\n<li>Atender y gestionar adecuadamente las consultas, comentarios, incidencias o sugerencias remitidas;<\/li>\n<\/ol>\n\n\n\n<ul class=\"wp-block-list\">\n<li>Mantenerle informado, bien por medios, bien por cualquier otro medio que as\u00ed se haya previsto y facilitado, de informaci\u00f3n de su inter\u00e9s de Genesis Reit Socimi SA.<\/li>\n<\/ul>\n\n\n\n<ol class=\"wp-block-list\">\n<li>Prestar servicios a\u00f1adidos, mejoras en nuestros servicios y en la experiencia del cliente al hacer uso de la Web<\/li>\n\n\n\n<li>An\u00e1lisis estad\u00edsticos de visitas a la Web y comportamientos de sus Usuarios en la<\/li>\n\n\n\n<li>Gestionar adecuadamente la navegaci\u00f3n a trav\u00e9s del presente sitio<\/li>\n<\/ol>\n\n\n\n<p>Respecto al tratamiento de sus datos con fines promocionales o publicitarios, se facilitar\u00e1 al interesado, junto con el formulario de recogida de datos correspondiente, el oportuno procedimiento, sencillo y gratuito, para que pueda prestar libremente su consentimiento a tal efecto. El consentimiento otorgado puede ser revocado en cualquier momento y sin coste alguno para el interesado.<\/p>\n\n\n\n<p><strong>5.3.&nbsp; Legitimaci\u00f3n<\/strong><\/p>\n\n\n\n<p>La presente Pol\u00edtica de Privacidad se interpretar\u00e1 y aplicar\u00e1 conforme a la legislaci\u00f3n vigente aplicable, as\u00ed como de acuerdo con los t\u00e9rminos y condiciones establecidos en el Aviso Legal del sitio web.<\/p>\n\n\n\n<p><strong>5.4.&nbsp; Destinatarios de los datos personales<\/strong><\/p>\n\n\n\n<p>Los destinatarios de la informaci\u00f3n facilitada ser\u00e1 \u00fanicamente Genesis Reit Socimi SA. Los destinatarios de la informaci\u00f3n suministrada se comprometen en la utilizaci\u00f3n de los datos facilitados, a respetar su confidencialidad y a utilizarlos de acuerdo con las finalidades previamente autorizadas.<\/p>\n\n\n\n<p><strong>5.5.&nbsp; Derechos de los interesados<\/strong><\/p>\n\n\n\n<p>El interesado podr\u00e1 ejercer los derechos de acceso, rectificaci\u00f3n, supresi\u00f3n, oposici\u00f3n, portabilidad y limitaci\u00f3n, dirigi\u00e9ndose a Genesis Reit Socimi SA mediante solicitud a nuestra direcci\u00f3n de correo electr\u00f3nico establecida a tal efecto: <a href=\"mailto:info@genesis-fund.co.il,\">info@genesis-fund.co.il<\/a> o a la direcci\u00f3n postal: Calle La Coru\u00f1a 21, Oficina, 28020 Madrid, adjuntando en todo caso, fotocopia del D.N.I o documento equivalente v\u00e1lido en derecho que permita acreditar su identidad, y especificando el derecho que desea ejercer.<\/p>\n\n\n\n<p>Cualquier interesado, podr\u00e1 en cualquier momento posterior, en los t\u00e9rminos establecidos en la normativa sobre protecci\u00f3n de datos en cada momento vigente, revocar la autorizaci\u00f3n concedida para el tratamiento de los datos personales.<\/p>\n\n\n\n<p>El interesado tendr\u00e1 derecho a formular una queja o reclamaci\u00f3n ante la Agencia Espa\u00f1ola de Protecci\u00f3n de Datos <a href=\"http:\/\/(www.genesis-reit.com)\">(www.genesis-reit.com)<\/a> y ante el Delegado de Protecci\u00f3n de Datos de Genesis Reit Socimi SA <a href=\"mailto:(info@genesis-fund.co.il).\">(info@genesis-fund.co.il).<\/a><\/p>\n\n\n\n<p>El usuario responder\u00e1, en cualquier caso, de la veracidad de los datos facilitados, reserv\u00e1ndose Genesis Reit Socimi SA el derecho a excluir de los servicios a todo usuario que haya facilitado datos falsos, sin perjuicio de las dem\u00e1s acciones que procedan en Derecho. El usuario se hace responsable de comunicar cualquier modificaci\u00f3n de los datos personales facilitados.<\/p>\n\n\n\n<p><strong>5.6.&nbsp; Plazo de conservaci\u00f3n de los datos<\/strong><\/p>\n\n\n\n<p>S\u00f3lo almacenamos los datos personales de los usuarios en la medida en que la necesitamos a fin de poder utilizarla seg\u00fan la finalidad para la que fue recabada, y seg\u00fan la base jur\u00eddica del tratamiento de la misma. Mantendremos los datos personales mientras exista una relaci\u00f3n contractual y\/o comercial con el usuario y mientras \u00e9ste no ejerza el derecho de supresi\u00f3n, cancelaci\u00f3n y\/o limitaci\u00f3n del tratamiento de los datos personales.<\/p>\n\n\n\n<p>En estos casos mantendremos los datos debidamente bloqueados, sin darle ning\u00fan uso, mientras puedan ser necesarios para el ejercicio o defensa de reclamaciones o pueda derivarse alg\u00fan tipo de responsabilidad judicial, legal o contractual de su tratamiento, que deba ser atendida y para lo cual sea necesaria su recuperaci\u00f3n.<\/p>\n\n\n\n<p>Genesis Reit Socimi SA cumplir\u00e1 lo dispuesto en la normativa vigente en cuanto al deber de cancelaci\u00f3n de la informaci\u00f3n personal que haya dejado de ser necesaria para el fin o los fines para los cuales fue recabada, bloqueando la misma, con el fin de poder atender a las posibles responsabilidades derivadas del tratamiento de los datos, y s\u00f3lo durante los plazos de prescripci\u00f3n de dichas responsabilidades. Una vez transcurran dichos plazos, se eliminar\u00e1 definitivamente esa informaci\u00f3n mediante m\u00e9todos seguros.<\/p>\n\n\n\n<p><strong>5.7.&nbsp; Informaci\u00f3n que recabamos de las visitas a la web<\/strong><\/p>\n\n\n\n<p>Recabamos y almacenamos informaci\u00f3n personal limitada y estad\u00edsticas globales an\u00f3nimas de todos aquellos usuarios que visitan nuestra web, ya sea porque nos la facilite el usuario de forma activa o porque se encuentre simplemente navegando en nuestra p\u00e1gina web. La informaci\u00f3n que recabamos incluye la direcci\u00f3n del protocolo de Internet (IP) del dispositivo que usa el usuario, el programa de navegaci\u00f3n utilizado, su sistema operativo, la fecha y hora del acceso, la direcci\u00f3n de Internet de la web por la que accede el usuario y tambi\u00e9n informaci\u00f3n sobre c\u00f3mo utilizas nuestra web.<\/p>\n\n\n\n<p>Esta informaci\u00f3n la utilizamos para saber el tiempo de carga de nuestra web, c\u00f3mo se utiliza, el n\u00famero de visitas y el tipo de informaci\u00f3n que m\u00e1s consulta el usuario. Esta informaci\u00f3n ayuda a identificar si la p\u00e1gina web funciona correctamente, y si detectamos fallos o errores en el funcionamiento, solucionarlos y mejorar el rendimiento de nuestra web, para poder ofrecer un mejor servicio a todos los usuarios.<\/p>\n\n\n\n<p>En consideraci\u00f3n a lo anterior, recabamos datos de uso y navegaci\u00f3n a efectos de control del uso de nuestra p\u00e1gina y de mejorar el conocimiento sobre los intereses del Usuario.<\/p>\n\n\n\n<p><strong>5.8.&nbsp; Menores de Edad<\/strong><\/p>\n\n\n\n<p>Los menores de 16 a\u00f1os no deber\u00e1n enviar ninguna informaci\u00f3n personal sin el consentimiento de su padre o tutor. Genesis Reit Socimi SA no es responsable de ninguna informaci\u00f3n personal enviada por los menores de 16 a\u00f1os sin la autorizaci\u00f3n oportuna.<\/p>\n\n\n\n<p><strong>5.9.&nbsp; Medidas de seguridad<\/strong><\/p>\n\n\n\n<p>G Genesis Reit Socimi SA ha adoptado los niveles de seguridad de protecci\u00f3n de datos personales requeridos por la normativa vigente, en funci\u00f3n del tipo de informaci\u00f3n tratada y ha implantado otros medios y medidas t\u00e9cnicas adicionales a su alcance para evitar su alteraci\u00f3n, p\u00e9rdida, tratamiento o acceso no autorizado de los datos personales facilitados. Genesis Reit Socimi SA, garantiza que ha adoptado las medidas oportunas de seguridad para garantizar la seguridad de la informaci\u00f3n y la confidencialidad de los datos que usted nos env\u00eda por Internet. Utiliza un software de gesti\u00f3n segura que almacena toda la informaci\u00f3n de la empresa.<\/p>\n\n\n\n<p><strong>5.10.&nbsp; Cookies<\/strong><\/p>\n\n\n\n<p>El acceso a esta web puede implicar la utilizaci\u00f3n de cookies. Las cookies son peque\u00f1as cantidades de informaci\u00f3n que se almacenan en el navegador utilizado por cada usuario para que el servidor recuerde cierta informaci\u00f3n que posteriormente pueda utilizar. Esta informaci\u00f3n permite identificarle a usted como un usuario concreto y permite guardar sus preferencias personales, as\u00ed como informaci\u00f3n t\u00e9cnica como puedan ser visitas o p\u00e1ginas concretas que visite.<\/p>\n\n\n\n<p>Este sitio web est\u00e1 desarrollado con WordPress. No se utilizan cookies para rastrear a los usuarios ni para fines anal\u00edticos o publicitarios. Se pueden generar cookies t\u00e9cnicas estrictamente necesarias para el funcionamiento b\u00e1sico del sitio, gestionadas por WordPress.<\/p>\n\n\n\n<p>No recopilamos, almacenamos ni procesamos datos personales de los usuarios directamente. No se realiza ning\u00fan tipo de registro, ni se guardan datos en bases de datos.<\/p>\n\n\n\n<p><strong>6.- Derechos de Propiedad Industrial e Intelectual<\/strong><\/p>\n\n\n\n<p>La totalidad de los contenidos, elementos, dise\u00f1os y aplicaciones albergados en esta p\u00e1gina web, cualquiera que sea su formato y caracter\u00edsticas, as\u00ed como todos los Derechos de Propiedad Industrial e Intelectual inherentes a dicho sitio web, son titularidad de Genesis Reit Socimi SA estando protegidos tanto por la normativa de Propiedad Industrial e Intelectual como por el resto de legislaci\u00f3n que pueda ser de aplicaci\u00f3n. Dicho contenido, no podr\u00e1 ser objeto de explotaci\u00f3n, reproducci\u00f3n, distribuci\u00f3n, modificaci\u00f3n, comunicaci\u00f3n p\u00fablica, cesi\u00f3n, transformaci\u00f3n ni de cualquier otro procedimiento de difusi\u00f3n, que no haya sido expresa y previamente autorizado. Genesis Reit Socimi SA se reserva el ejercicio de las acciones judiciales que le asistan frente a quienes vulneren los derechos de su titularidad a los que se ha hecho referencia.<\/p>\n\n\n\n<p><strong>7.- Modificaciones<\/strong><\/p>\n\n\n\n<p>Genesis Reit Socimi SA se reserva el derecho a modificar el presente Aviso Legal y Pol\u00edtica de Privacidad para adaptar novedades legislativas o jurisprudenciales, as\u00ed como por cambios en la actuaci\u00f3n y estrategia empresarial de Genesis Reit Socimi SA por lo que recomendamos su lectura antes de cada acceso y navegaci\u00f3n por el sitio web. No obstante, lo anterior, las relaciones establecidas con los usuarios, con anterioridad a la modificaci\u00f3n del presente Aviso Legal y Pol\u00edtica de Privacidad, se regir\u00e1n por las normas previstas en el momento en que el usuario accedi\u00f3 al sitio Web para su establecimiento.<\/p>\n\n\n\n<p>Genesis Reit Socimi SA proporciona a los usuarios los recursos t\u00e9cnicos adecuados para que, con car\u00e1cter previo, puedan acceder a este Aviso Legal y Pol\u00edtica de Privacidad y Protecci\u00f3n de Datos.<\/p>\n\n\n\n<p><strong>9.- Legislaci\u00f3n y Fuero Aplicable<\/strong><\/p>\n\n\n\n<p>Para la resoluci\u00f3n de todas las controversias o cuestiones relacionadas con el presente sitio web o de las actividades en \u00e9l desarrolladas, ser\u00e1 de aplicaci\u00f3n la legislaci\u00f3n espa\u00f1ola, a la que se someten expresamente las partes, siendo competentes para la resoluci\u00f3n de todos los conflictos derivados o relacionados con su uso los Juzgados y Tribunales competentes de acuerdo con la legislaci\u00f3n que resulte de aplicaci\u00f3n.<\/p>\n\n\n\n<p>En el caso de que alguna de las disposiciones contenidas en el presente documento sea declarada nula, se proceder\u00e1 a la retirada o sustituci\u00f3n de esta. En cualquier caso, dicha declaraci\u00f3n de nulidad no afectar\u00e1 a la validez del resto de disposiciones recogidas en el presente.<\/p>\n","protected":false},"excerpt":{"rendered":"<p>Genesis REIT Socimi SA 1.-Introducci\u00f3n Mediante este Aviso Legal y Pol\u00edtica de Privacidad, Genesis Reit Socimi SA , domiciliada en Madrid, en la Calle La Coru\u00f1a 21, Oficina, 28020 Madrid, informa a los usuarios de la p\u00e1gina web de su propiedad (en adelante la \u201cWeb\u201d) acerca de las condiciones de uso de la Web, as\u00ed [&hellip;]<\/p>\n","protected":false},"author":1,"featured_media":0,"parent":0,"menu_order":0,"comment_status":"closed","ping_status":"closed","template":"","meta":{"footnotes":""},"class_list":["post-1520","page","type-page","status-publish","hentry"],"acf":[],"yoast_head":"<!-- This site is optimized with the Yoast SEO plugin v21.0 - https:\/\/yoast.com\/wordpress\/plugins\/seo\/ -->\n<title>Aviso Legal y Pol\u00edtica de Privacidad - Genesis Reit Spain<\/title>\n<meta name=\"robots\" content=\"index, follow, max-snippet:-1, max-image-preview:large, max-video-preview:-1\" \/>\n<link rel=\"canonical\" href=\"https:\/\/genesis-reit.com\/es\/privacy-policy\/\" \/>\n<meta property=\"og:locale\" content=\"es_ES\" \/>\n<meta property=\"og:type\" content=\"article\" \/>\n<meta property=\"og:title\" content=\"Aviso Legal y Pol\u00edtica de Privacidad - Genesis Reit Spain\" \/>\n<meta property=\"og:description\" content=\"Genesis REIT Socimi SA 1.-Introducci\u00f3n Mediante este Aviso Legal y Pol\u00edtica de Privacidad, Genesis Reit Socimi SA , domiciliada en Madrid, en la Calle La Coru\u00f1a 21, Oficina, 28020 Madrid, informa a los usuarios de la p\u00e1gina web de su propiedad (en adelante la \u201cWeb\u201d) acerca de las condiciones de uso de la Web, as\u00ed [&hellip;]\" \/>\n<meta property=\"og:url\" content=\"https:\/\/genesis-reit.com\/es\/privacy-policy\/\" \/>\n<meta property=\"og:site_name\" content=\"Genesis Reit Spain\" \/>\n<meta property=\"article:modified_time\" content=\"2025-08-21T21:20:09+00:00\" \/>\n<meta name=\"twitter:card\" content=\"summary_large_image\" \/>\n<meta name=\"twitter:label1\" content=\"Tiempo de lectura\" \/>\n\t<meta name=\"twitter:data1\" content=\"10 minutos\" \/>\n<script type=\"application\/ld+json\" class=\"yoast-schema-graph\">{\"@context\":\"https:\/\/schema.org\",\"@graph\":[{\"@type\":\"WebPage\",\"@id\":\"https:\/\/genesis-reit.com\/es\/privacy-policy\/\",\"url\":\"https:\/\/genesis-reit.com\/es\/privacy-policy\/\",\"name\":\"Aviso Legal y Pol\u00edtica de Privacidad - Genesis Reit Spain\",\"isPartOf\":{\"@id\":\"https:\/\/genesis-reit.com\/es\/#website\"},\"datePublished\":\"2025-08-21T21:15:50+00:00\",\"dateModified\":\"2025-08-21T21:20:09+00:00\",\"breadcrumb\":{\"@id\":\"https:\/\/genesis-reit.com\/es\/privacy-policy\/#breadcrumb\"},\"inLanguage\":\"es\",\"potentialAction\":[{\"@type\":\"ReadAction\",\"target\":[\"https:\/\/genesis-reit.com\/es\/privacy-policy\/\"]}]},{\"@type\":\"BreadcrumbList\",\"@id\":\"https:\/\/genesis-reit.com\/es\/privacy-policy\/#breadcrumb\",\"itemListElement\":[{\"@type\":\"ListItem\",\"position\":1,\"name\":\"Home\",\"item\":\"https:\/\/genesis-reit.com\/es\/\"},{\"@type\":\"ListItem\",\"position\":2,\"name\":\"Aviso Legal y Pol\u00edtica de Privacidad\"}]},{\"@type\":\"WebSite\",\"@id\":\"https:\/\/genesis-reit.com\/es\/#website\",\"url\":\"https:\/\/genesis-reit.com\/es\/\",\"name\":\"Genesis Reit Spain\",\"description\":\"Genesis opportunities is a Spanish-Israeli real estate company that was founded in 2016 and is in the process of being listed to the European market (EURONEXT)\",\"potentialAction\":[{\"@type\":\"SearchAction\",\"target\":{\"@type\":\"EntryPoint\",\"urlTemplate\":\"https:\/\/genesis-reit.com\/es\/?s={search_term_string}\"},\"query-input\":\"required name=search_term_string\"}],\"inLanguage\":\"es\"}]}<\/script>\n<!-- \/ Yoast SEO plugin. -->","yoast_head_json":{"title":"Aviso Legal y Pol\u00edtica de Privacidad - Genesis Reit Spain","robots":{"index":"index","follow":"follow","max-snippet":"max-snippet:-1","max-image-preview":"max-image-preview:large","max-video-preview":"max-video-preview:-1"},"canonical":"https:\/\/genesis-reit.com\/es\/privacy-policy\/","og_locale":"es_ES","og_type":"article","og_title":"Aviso Legal y Pol\u00edtica de Privacidad - Genesis Reit Spain","og_description":"Genesis REIT Socimi SA 1.-Introducci\u00f3n Mediante este Aviso Legal y Pol\u00edtica de Privacidad, Genesis Reit Socimi SA , domiciliada en Madrid, en la Calle La Coru\u00f1a 21, Oficina, 28020 Madrid, informa a los usuarios de la p\u00e1gina web de su propiedad (en adelante la \u201cWeb\u201d) acerca de las condiciones de uso de la Web, as\u00ed [&hellip;]","og_url":"https:\/\/genesis-reit.com\/es\/privacy-policy\/","og_site_name":"Genesis Reit Spain","article_modified_time":"2025-08-21T21:20:09+00:00","twitter_card":"summary_large_image","twitter_misc":{"Tiempo de lectura":"10 minutos"},"schema":{"@context":"https:\/\/schema.org","@graph":[{"@type":"WebPage","@id":"https:\/\/genesis-reit.com\/es\/privacy-policy\/","url":"https:\/\/genesis-reit.com\/es\/privacy-policy\/","name":"Aviso Legal y Pol\u00edtica de Privacidad - Genesis Reit Spain","isPartOf":{"@id":"https:\/\/genesis-reit.com\/es\/#website"},"datePublished":"2025-08-21T21:15:50+00:00","dateModified":"2025-08-21T21:20:09+00:00","breadcrumb":{"@id":"https:\/\/genesis-reit.com\/es\/privacy-policy\/#breadcrumb"},"inLanguage":"es","potentialAction":[{"@type":"ReadAction","target":["https:\/\/genesis-reit.com\/es\/privacy-policy\/"]}]},{"@type":"BreadcrumbList","@id":"https:\/\/genesis-reit.com\/es\/privacy-policy\/#breadcrumb","itemListElement":[{"@type":"ListItem","position":1,"name":"Home","item":"https:\/\/genesis-reit.com\/es\/"},{"@type":"ListItem","position":2,"name":"Aviso Legal y Pol\u00edtica de Privacidad"}]},{"@type":"WebSite","@id":"https:\/\/genesis-reit.com\/es\/#website","url":"https:\/\/genesis-reit.com\/es\/","name":"Genesis Reit Spain","description":"Genesis opportunities is a Spanish-Israeli real estate company that was founded in 2016 and is in the process of being listed to the European market (EURONEXT)","potentialAction":[{"@type":"SearchAction","target":{"@type":"EntryPoint","urlTemplate":"https:\/\/genesis-reit.com\/es\/?s={search_term_string}"},"query-input":"required name=search_term_string"}],"inLanguage":"es"}]}},"_links":{"self":[{"href":"https:\/\/genesis-reit.com\/es\/wp-json\/wp\/v2\/pages\/1520","targetHints":{"allow":["GET"]}}],"collection":[{"href":"https:\/\/genesis-reit.com\/es\/wp-json\/wp\/v2\/pages"}],"about":[{"href":"https:\/\/genesis-reit.com\/es\/wp-json\/wp\/v2\/types\/page"}],"author":[{"embeddable":true,"href":"https:\/\/genesis-reit.com\/es\/wp-json\/wp\/v2\/users\/1"}],"replies":[{"embeddable":true,"href":"https:\/\/genesis-reit.com\/es\/wp-json\/wp\/v2\/comments?post=1520"}],"version-history":[{"count":1,"href":"https:\/\/genesis-reit.com\/es\/wp-json\/wp\/v2\/pages\/1520\/revisions"}],"predecessor-version":[{"id":1521,"href":"https:\/\/genesis-reit.com\/es\/wp-json\/wp\/v2\/pages\/1520\/revisions\/1521"}],"wp:attachment":[{"href":"https:\/\/genesis-reit.com\/es\/wp-json\/wp\/v2\/media?parent=1520"}],"curies":[{"name":"wp","href":"https:\/\/api.w.org\/{rel}","templated":true}]}}