{"id":382,"date":"2024-02-26T07:29:20","date_gmt":"2024-02-26T07:29:20","guid":{"rendered":"https:\/\/genesis-reit.com\/?page_id=382"},"modified":"2024-02-26T07:29:21","modified_gmt":"2024-02-26T07:29:21","slug":"geneisis-opportunities-madrid-s-l","status":"publish","type":"page","link":"https:\/\/genesis-reit.com\/es\/geneisis-opportunities-madrid-s-l\/","title":{"rendered":"GENEISIS OPPORTUNITIES MADRID S.L."},"content":{"rendered":"\n<h2 class=\"wp-block-heading\"><strong>Anuncio de acuerdo de transformaci\u00f3n de sociedad limitada en sociedad an\u00f3nima.<\/strong><\/h2>\n\n\n\n<p>En cumplimiento de lo dispuesto en el art\u00edculo 10 del Real Decreto Ley 5\/2023, de 28 de junio, de transposici\u00f3n, entre otras, de la Directiva de la Uni\u00f3n Europea en materia de modificaciones estructurales de sociedades mercantiles (el \u00abRDL 5\/ 2023\u00bb), se hace p\u00fablico que la Junta General Ordinaria y Universal de Socios de la Mercantil GENESIS OPPORTUNITIES MADRID, S.L. (la \u00abSociedad\u00bb), celebrada el d\u00eda 22 de diciembre de 2023, acord\u00f3 la transformaci\u00f3n de la Sociedad en Sociedad An\u00f3nima, con base en el proyecto de transformaci\u00f3n redactado por el \u00f3rgano de administraci\u00f3n de la Sociedad, de fecha 21 de diciembre de 2023.<\/p>\n\n\n\n<p>En consecuencia, la Sociedad, manteniendo su personalidad jur\u00eddica, actuar\u00e1 en el tr\u00e1fico jur\u00eddico, desde la fecha de inscripci\u00f3n del acuerdo de transformaci\u00f3n en el Registro Mercantil, bajo la denominaci\u00f3n social \u00abGENESIS R.E.I.T. SOCIMI, S.A.\u00bb<\/p>\n\n\n\n<p>Asimismo, la Junta General Universal aprob\u00f3, como balance de transformaci\u00f3n, el balance cerrado con fecha del 30 de junio de 2023.<\/p>\n\n\n\n<p>Igualmente, se aprob\u00f3 la conversi\u00f3n de las participaciones sociales en acciones, permaneciendo la cifra de capital social inalterada, siendo el valor nominal de las acciones igual al de las antiguas participaciones sociales; quedando aprobados igualmente los nuevos estatutos sociales y el nombramiento del nuevo \u00f3rgano de administraci\u00f3n formado por un Consejo de tres miembros.<\/p>\n\n\n\n<p>Se hace constar expresamente el derecho que asiste a los socios y a los acreedores de la Sociedad de obtener, de forma gratuita, el texto \u00edntegro del acuerdo adoptado por la Junta General de Socios de la Sociedad, del balance de transformaci\u00f3n, del Proyecto de Transformaci\u00f3n y dem\u00e1s documentaci\u00f3n relacionada con la transformaci\u00f3n, los cuales se encuentran a su disposici\u00f3n en el domicilio social de la Sociedad.<\/p>\n\n\n\n<p>Para el ejercicio de los derechos que correspondan, las comunicaciones deber\u00e1n dirigirse a la siguiente direcci\u00f3n: Calle San Enrique n\u00ba 20, bajo, 28020 Madrid.<\/p>\n\n\n\n<p>Madrid, 22 de diciembre de 2023.- El Secretario Ariel Mazoz y el Presidente del Consejo de Administraci\u00f3n, Ilan Arzooan.<\/p>\n\n\n\n<h2 class=\"wp-block-heading\"><\/h2>\n\n\n\n<p><\/p>\n\n\n\n<h4 class=\"wp-block-heading\"><\/h4>\n\n\n\n<p><\/p>\n\n\n\n<h4 class=\"wp-block-heading\"><\/h4>\n\n\n\n<p><\/p>\n\n\n\n<p class=\"text-uppercase\"><\/p>\n\n\n\n<h4 class=\"wp-block-heading\"><\/h4>\n","protected":false},"excerpt":{"rendered":"<p>Anuncio de acuerdo de transformaci\u00f3n de sociedad limitada en sociedad an\u00f3nima. En cumplimiento de lo dispuesto en el art\u00edculo 10 del Real Decreto Ley 5\/2023, de 28 de junio, de transposici\u00f3n, entre otras, de la Directiva de la Uni\u00f3n Europea en materia de modificaciones estructurales de sociedades mercantiles (el \u00abRDL 5\/ 2023\u00bb), se hace p\u00fablico [&hellip;]<\/p>\n","protected":false},"author":2,"featured_media":0,"parent":0,"menu_order":0,"comment_status":"closed","ping_status":"closed","template":"","meta":{"footnotes":""},"class_list":["post-382","page","type-page","status-publish","hentry"],"acf":[],"yoast_head":"<!-- This site is optimized with the Yoast SEO plugin v21.0 - https:\/\/yoast.com\/wordpress\/plugins\/seo\/ -->\n<title>GENEISIS OPPORTUNITIES MADRID S.L. - Genesis Reit Spain<\/title>\n<meta name=\"robots\" content=\"noindex, follow\" \/>\n<meta property=\"og:locale\" content=\"es_ES\" \/>\n<meta property=\"og:type\" content=\"article\" \/>\n<meta property=\"og:title\" content=\"GENEISIS OPPORTUNITIES MADRID S.L. - Genesis Reit Spain\" \/>\n<meta property=\"og:description\" content=\"Anuncio de acuerdo de transformaci\u00f3n de sociedad limitada en sociedad an\u00f3nima. En cumplimiento de lo dispuesto en el art\u00edculo 10 del Real Decreto Ley 5\/2023, de 28 de junio, de transposici\u00f3n, entre otras, de la Directiva de la Uni\u00f3n Europea en materia de modificaciones estructurales de sociedades mercantiles (el \u00abRDL 5\/ 2023\u00bb), se hace p\u00fablico [&hellip;]\" \/>\n<meta property=\"og:url\" content=\"https:\/\/genesis-reit.com\/es\/geneisis-opportunities-madrid-s-l\/\" \/>\n<meta property=\"og:site_name\" content=\"Genesis Reit Spain\" \/>\n<meta property=\"article:modified_time\" content=\"2024-02-26T07:29:21+00:00\" \/>\n<meta name=\"twitter:card\" content=\"summary_large_image\" \/>\n<meta name=\"twitter:label1\" content=\"Tiempo de lectura\" \/>\n\t<meta name=\"twitter:data1\" content=\"2 minutos\" \/>\n<script type=\"application\/ld+json\" class=\"yoast-schema-graph\">{\"@context\":\"https:\/\/schema.org\",\"@graph\":[{\"@type\":\"WebPage\",\"@id\":\"https:\/\/genesis-reit.com\/es\/geneisis-opportunities-madrid-s-l\/\",\"url\":\"https:\/\/genesis-reit.com\/es\/geneisis-opportunities-madrid-s-l\/\",\"name\":\"GENEISIS OPPORTUNITIES MADRID S.L. - Genesis Reit Spain\",\"isPartOf\":{\"@id\":\"https:\/\/genesis-reit.com\/es\/#website\"},\"datePublished\":\"2024-02-26T07:29:20+00:00\",\"dateModified\":\"2024-02-26T07:29:21+00:00\",\"breadcrumb\":{\"@id\":\"https:\/\/genesis-reit.com\/es\/geneisis-opportunities-madrid-s-l\/#breadcrumb\"},\"inLanguage\":\"es\",\"potentialAction\":[{\"@type\":\"ReadAction\",\"target\":[\"https:\/\/genesis-reit.com\/es\/geneisis-opportunities-madrid-s-l\/\"]}]},{\"@type\":\"BreadcrumbList\",\"@id\":\"https:\/\/genesis-reit.com\/es\/geneisis-opportunities-madrid-s-l\/#breadcrumb\",\"itemListElement\":[{\"@type\":\"ListItem\",\"position\":1,\"name\":\"Home\",\"item\":\"https:\/\/genesis-reit.com\/es\/\"},{\"@type\":\"ListItem\",\"position\":2,\"name\":\"GENEISIS OPPORTUNITIES MADRID S.L.\"}]},{\"@type\":\"WebSite\",\"@id\":\"https:\/\/genesis-reit.com\/es\/#website\",\"url\":\"https:\/\/genesis-reit.com\/es\/\",\"name\":\"Genesis Reit Spain\",\"description\":\"Genesis opportunities is a Spanish-Israeli real estate company that was founded in 2016 and is in the process of being listed to the European market (EURONEXT)\",\"potentialAction\":[{\"@type\":\"SearchAction\",\"target\":{\"@type\":\"EntryPoint\",\"urlTemplate\":\"https:\/\/genesis-reit.com\/es\/?s={search_term_string}\"},\"query-input\":\"required name=search_term_string\"}],\"inLanguage\":\"es\"}]}<\/script>\n<!-- \/ Yoast SEO plugin. -->","yoast_head_json":{"title":"GENEISIS OPPORTUNITIES MADRID S.L. - Genesis Reit Spain","robots":{"index":"noindex","follow":"follow"},"og_locale":"es_ES","og_type":"article","og_title":"GENEISIS OPPORTUNITIES MADRID S.L. - Genesis Reit Spain","og_description":"Anuncio de acuerdo de transformaci\u00f3n de sociedad limitada en sociedad an\u00f3nima. En cumplimiento de lo dispuesto en el art\u00edculo 10 del Real Decreto Ley 5\/2023, de 28 de junio, de transposici\u00f3n, entre otras, de la Directiva de la Uni\u00f3n Europea en materia de modificaciones estructurales de sociedades mercantiles (el \u00abRDL 5\/ 2023\u00bb), se hace p\u00fablico [&hellip;]","og_url":"https:\/\/genesis-reit.com\/es\/geneisis-opportunities-madrid-s-l\/","og_site_name":"Genesis Reit Spain","article_modified_time":"2024-02-26T07:29:21+00:00","twitter_card":"summary_large_image","twitter_misc":{"Tiempo de lectura":"2 minutos"},"schema":{"@context":"https:\/\/schema.org","@graph":[{"@type":"WebPage","@id":"https:\/\/genesis-reit.com\/es\/geneisis-opportunities-madrid-s-l\/","url":"https:\/\/genesis-reit.com\/es\/geneisis-opportunities-madrid-s-l\/","name":"GENEISIS OPPORTUNITIES MADRID S.L. - Genesis Reit Spain","isPartOf":{"@id":"https:\/\/genesis-reit.com\/es\/#website"},"datePublished":"2024-02-26T07:29:20+00:00","dateModified":"2024-02-26T07:29:21+00:00","breadcrumb":{"@id":"https:\/\/genesis-reit.com\/es\/geneisis-opportunities-madrid-s-l\/#breadcrumb"},"inLanguage":"es","potentialAction":[{"@type":"ReadAction","target":["https:\/\/genesis-reit.com\/es\/geneisis-opportunities-madrid-s-l\/"]}]},{"@type":"BreadcrumbList","@id":"https:\/\/genesis-reit.com\/es\/geneisis-opportunities-madrid-s-l\/#breadcrumb","itemListElement":[{"@type":"ListItem","position":1,"name":"Home","item":"https:\/\/genesis-reit.com\/es\/"},{"@type":"ListItem","position":2,"name":"GENEISIS OPPORTUNITIES MADRID S.L."}]},{"@type":"WebSite","@id":"https:\/\/genesis-reit.com\/es\/#website","url":"https:\/\/genesis-reit.com\/es\/","name":"Genesis Reit Spain","description":"Genesis opportunities is a Spanish-Israeli real estate company that was founded in 2016 and is in the process of being listed to the European market (EURONEXT)","potentialAction":[{"@type":"SearchAction","target":{"@type":"EntryPoint","urlTemplate":"https:\/\/genesis-reit.com\/es\/?s={search_term_string}"},"query-input":"required name=search_term_string"}],"inLanguage":"es"}]}},"_links":{"self":[{"href":"https:\/\/genesis-reit.com\/es\/wp-json\/wp\/v2\/pages\/382","targetHints":{"allow":["GET"]}}],"collection":[{"href":"https:\/\/genesis-reit.com\/es\/wp-json\/wp\/v2\/pages"}],"about":[{"href":"https:\/\/genesis-reit.com\/es\/wp-json\/wp\/v2\/types\/page"}],"author":[{"embeddable":true,"href":"https:\/\/genesis-reit.com\/es\/wp-json\/wp\/v2\/users\/2"}],"replies":[{"embeddable":true,"href":"https:\/\/genesis-reit.com\/es\/wp-json\/wp\/v2\/comments?post=382"}],"version-history":[{"count":2,"href":"https:\/\/genesis-reit.com\/es\/wp-json\/wp\/v2\/pages\/382\/revisions"}],"predecessor-version":[{"id":410,"href":"https:\/\/genesis-reit.com\/es\/wp-json\/wp\/v2\/pages\/382\/revisions\/410"}],"wp:attachment":[{"href":"https:\/\/genesis-reit.com\/es\/wp-json\/wp\/v2\/media?parent=382"}],"curies":[{"name":"wp","href":"https:\/\/api.w.org\/{rel}","templated":true}]}}